{"id":25,"date":"2024-10-21T14:22:01","date_gmt":"2024-10-21T12:22:01","guid":{"rendered":"https:\/\/lusu.se\/?page_id=25"},"modified":"2025-12-10T07:53:28","modified_gmt":"2025-12-10T06:53:28","slug":"forelasningar","status":"publish","type":"page","link":"https:\/\/lusu.se\/index.php\/forelasningar\/","title":{"rendered":"Allm\u00e4n f\u00f6rel\u00e4sningsserie"},"content":{"rendered":"\n<div class=\"wp-block-media-text has-media-on-the-right is-stacked-on-mobile is-vertically-aligned-top\"><div class=\"wp-block-media-text__content\">\n<h2 class=\"wp-block-heading\">Allm\u00e4n f\u00f6rel\u00e4sningsserie<\/h2>\n\n\n\n<p>Vi ger f\u00f6rel\u00e4sningar inom alla \u00e4mnesomr\u00e5den \u2013 torra som v\u00e5ta och klassiska som nyetablerade. Ibland finns inslag av ut\u00f6vande konst fr\u00e5n musik, litteratur eller teater. V\u00e5ra f\u00f6rel\u00e4sare \u00e4r ofta v\u00e4lk\u00e4nda personer fr\u00e5n akademi eller media. Ibland \u00e4r f\u00f6rel\u00e4sarna helt ok\u00e4nda men besitter sp\u00e4nnande kunskap om n\u00e5got som \u00f6verraskar. Avgiften f\u00f6r den allm\u00e4nna f\u00f6rel\u00e4sningsserien ing\u00e5r i medlemsavgiften. Icke medlemmar betalar 50 kronor per f\u00f6rel\u00e4sning som betalas p\u00e5 plats, via Swish eller kontant.<br>F\u00f6rel\u00e4sningarna \u00e4ger rum i Pingstkyrkans stora sal, St. S\u00f6dergatan 25. Efter\u00e5t serveras kaffe en trappa upp till sj\u00e4lvkostnadspris, 20 kronor.<\/p>\n\n\n\n<p><\/p>\n<\/div><figure class=\"wp-block-media-text__media\"><img loading=\"lazy\" decoding=\"async\" width=\"1024\" height=\"682\" src=\"https:\/\/lusu.se\/wp-content\/uploads\/2024\/12\/library-419254_1280-1-1024x682.jpg\" alt=\"\" class=\"wp-image-287 size-full\" srcset=\"https:\/\/lusu.se\/wp-content\/uploads\/2024\/12\/library-419254_1280-1-1024x682.jpg 1024w, https:\/\/lusu.se\/wp-content\/uploads\/2024\/12\/library-419254_1280-1-300x200.jpg 300w, https:\/\/lusu.se\/wp-content\/uploads\/2024\/12\/library-419254_1280-1-768x512.jpg 768w, https:\/\/lusu.se\/wp-content\/uploads\/2024\/12\/library-419254_1280-1.jpg 1280w\" sizes=\"auto, (max-width: 1024px) 100vw, 1024px\" \/><\/figure><\/div>\n\n\n\n<h2 class=\"wp-block-heading\"><\/h2>\n\n\n\n<div class=\"wp-block-cogwork-shortcodes\">\n\n<!-- \n    Content retrieved by CogWork API\n    Host = minaaktiviteter\n    Content type = shop\n    JSON Data URL = https:\/\/minaaktiviteter.se\/api\/json\/?org=lusu&contentType=shop&new&eventgroup1=forelas&headings=0&lang=sv&localUrl=https%3A%2F%2Flusu.se%2Findex.php%2Fwp-json%2Fwp%2Fv2%2Fpages%2F25&localJsonEncodedRequest=%5B%5D\n-->\n<link rel=\"stylesheet\" href=\"https:\/\/minaaktiviteter.se\/files\/1366\/css\/theme.light.css\" type=\"text\/css\" media=\"all\" \/>\n<link rel=\"stylesheet\" href=\"https:\/\/minaaktiviteter.se\/files\/1366\/css\/lib.css\" type=\"text\/css\" media=\"all\" \/>\n<link rel=\"stylesheet\" href=\"https:\/\/static.cogwork.net\/stylesheets\/KYFPKgYjF9DhBWcn358egeJX.css\" type=\"text\/css\" media=\"all\" \/>\n\n                    <table class=\"cwEvents\">\n                        <tr class=\"headerRow cwDisplayDependencyOnChangeFollow_eventBlock_6407343\">\n                            <th class=\"title\" colspan=\"1\"><\/th>\n                            <th class=\"onMediumScreenPlus cwDisplayDependencyOnChangeFollow_eventBlock_6407343 start\">Start<\/th>\n                            <th class=\"onMediumScreenPlus cwDisplayDependencyOnChangeFollow_eventBlock_6407343 time\">Dag &amp; tid<\/th>\n                            <th class=\"onMediumScreenPlus cwDisplayDependencyOnChangeFollow_eventBlock_6407343 numberOfOccasions\" title=\"Antal tillf\u00e4llen\"><\/th>\n                            <th class=\"onMediumScreenPlus cwDisplayDependencyOnChangeFollow_eventBlock_6407343 place\">Plats<\/th>\n                            <th class=\"onMediumScreenPlus cwDisplayDependencyOnChangeFollow_eventBlock_6407343 status cwNoPrint\">&nbsp;<\/th>\n                            <th class=\"statusIcon icon onSmallScreenOnly cwNoPrint cwDisplayDependencyOnChangeFollow_eventBlock_6407343\">&nbsp;<\/th>\n                        <\/tr>\n                        <tr class=\"dataRow blockData_6407343 row_1 cwDisplayDependencyOnChangeFollow_eventBlock_6407343\" title=\"Bokningen har inte \u00f6ppnat\" onclick=\"cwOpenNewShopWin('https:\/\/minaaktiviteter.se\/lusu\/shop\/?event=267410&info=1'); return false;\">\n                            <td class=\"title\">\n                                <a href=\"https:\/\/minaaktiviteter.se\/lusu\/shop\/?event=267410&amp;info=1\" title=\"Bokningen har inte \u00f6ppnat\" onclick=\"cwOpenNewShopWin('https:\/\/minaaktiviteter.se\/lusu\/shop\/?event=267410&info=1'); return false;\" class=\"regLink\">Pierre Schori: Carl Sandburg -- svensk\u00e4ttlingen som f\u00f6ruts\u00e5g trumpismen<\/a>\n                                <div class=\"onSmallScreenOnly smallScreenEventSubTitle\">\n                                    <span style=\"white-space: nowrap;\">Tis 14.00-15.00<\/span>\n                                    <span title=\"Antal tillf\u00e4llen\">1&nbsp;ggr<\/span>.\n                                    <span title=\"Tis 13\/1 ( 81 dagar sedan)\">Start 13\/1<\/span>.\n                                    Pingstkyrkan.\n                                <\/div>\n                            <\/td>\n                            <td class=\"onMediumScreenPlus start\" title=\"Tis 13\/1 ( 81 dagar sedan)\">13\/1<\/td>\n                            <td class=\"onMediumScreenPlus time\"><span style=\"white-space: nowrap;\">Tis 14.00-15.00<\/span><\/td>\n                            <td class=\"onMediumScreenPlus numberOfOccasions\" title=\"Antal tillf\u00e4llen\">1&nbsp;ggr<\/td>\n                            <td class=\"onMediumScreenPlus place\">Pingstkyrkan<\/td>\n                            <td class=\"onMediumScreenPlus status cwNoPrint\" style=\"text-align: right;\"><a href=\"https:\/\/minaaktiviteter.se\/lusu\/shop\/?event=267410&amp;info=1\" title=\"Bokningen har inte \u00f6ppnat\" onclick=\"cwOpenNewShopWin('https:\/\/minaaktiviteter.se\/lusu\/shop\/?event=267410&info=1'); return false;\" class=\"regLink cwLinkSmallIconRight regLink cwLinkSmallIconRight\">Info<\/a><\/td>\n                            <td class=\"statusIcon icon onSmallScreenOnly cwNoPrint\"><a href=\"https:\/\/minaaktiviteter.se\/lusu\/shop\/?event=267410&amp;info=1\" title=\"Bokningen har inte \u00f6ppnat\" onclick=\"cwOpenNewShopWin('https:\/\/minaaktiviteter.se\/lusu\/shop\/?event=267410&info=1'); return false;\" class=\"regIcon\"><span class=\"regIconText\">\u00bb<\/span><\/a><\/td>\n                        <\/tr>\n                        <tr class=\"dataRow blockData_6407343 row_2 cwDisplayDependencyOnChangeFollow_eventBlock_6407343\" title=\"Bokningen har inte \u00f6ppnat\" onclick=\"cwOpenNewShopWin('https:\/\/minaaktiviteter.se\/lusu\/shop\/?event=267412&info=1'); return false;\">\n                            <td class=\"title\">\n                                <a href=\"https:\/\/minaaktiviteter.se\/lusu\/shop\/?event=267412&amp;info=1\" title=\"Bokningen har inte \u00f6ppnat\" onclick=\"cwOpenNewShopWin('https:\/\/minaaktiviteter.se\/lusu\/shop\/?event=267412&info=1'); return false;\" class=\"regLink\">Agneta Gulz: Om l\u00e4rande och undervisning p\u00e5 kognitionsvetenskaplig grund<\/a>\n                                <div class=\"onSmallScreenOnly smallScreenEventSubTitle\">\n                                    <span style=\"white-space: nowrap;\">Tis 14.00-15.00<\/span>\n                                    <span title=\"Antal tillf\u00e4llen\">1&nbsp;ggr<\/span>.\n                                    <span title=\"Tis 27\/1 ( 67 dagar sedan)\">Start 27\/1<\/span>.\n                                    Pingstkyrkan.\n                                <\/div>\n                            <\/td>\n                            <td class=\"onMediumScreenPlus start\" title=\"Tis 27\/1 ( 67 dagar sedan)\">27\/1<\/td>\n                            <td class=\"onMediumScreenPlus time\"><span style=\"white-space: nowrap;\">Tis 14.00-15.00<\/span><\/td>\n                            <td class=\"onMediumScreenPlus numberOfOccasions\" title=\"Antal tillf\u00e4llen\">1&nbsp;ggr<\/td>\n                            <td class=\"onMediumScreenPlus place\">Pingstkyrkan<\/td>\n                            <td class=\"onMediumScreenPlus status cwNoPrint\" style=\"text-align: right;\"><a href=\"https:\/\/minaaktiviteter.se\/lusu\/shop\/?event=267412&amp;info=1\" title=\"Bokningen har inte \u00f6ppnat\" onclick=\"cwOpenNewShopWin('https:\/\/minaaktiviteter.se\/lusu\/shop\/?event=267412&info=1'); return false;\" class=\"regLink cwLinkSmallIconRight regLink cwLinkSmallIconRight\">Info<\/a><\/td>\n                            <td class=\"statusIcon icon onSmallScreenOnly cwNoPrint\"><a href=\"https:\/\/minaaktiviteter.se\/lusu\/shop\/?event=267412&amp;info=1\" title=\"Bokningen har inte \u00f6ppnat\" onclick=\"cwOpenNewShopWin('https:\/\/minaaktiviteter.se\/lusu\/shop\/?event=267412&info=1'); return false;\" class=\"regIcon\"><span class=\"regIconText\">\u00bb<\/span><\/a><\/td>\n                        <\/tr>\n                        <tr class=\"dataRow blockData_6407343 row_3 cwDisplayDependencyOnChangeFollow_eventBlock_6407343\" title=\"Bokningen har inte \u00f6ppnat\" onclick=\"cwOpenNewShopWin('https:\/\/minaaktiviteter.se\/lusu\/shop\/?event=267415&info=1'); return false;\">\n                            <td class=\"title\">\n                                <a href=\"https:\/\/minaaktiviteter.se\/lusu\/shop\/?event=267415&amp;info=1\" title=\"Bokningen har inte \u00f6ppnat\" onclick=\"cwOpenNewShopWin('https:\/\/minaaktiviteter.se\/lusu\/shop\/?event=267415&info=1'); return false;\" class=\"regLink\">Tove Harnett: \u00c4ldreomsorgens vardag ur \u00e4ldre personers perspektiv -- nya s\u00e4tt att f\u00f6rst\u00e5 hemtj\u00e4nst<\/a>\n                                <div class=\"onSmallScreenOnly smallScreenEventSubTitle\">\n                                    <span style=\"white-space: nowrap;\">Tis 14.00-15.00<\/span>\n                                    <span title=\"Antal tillf\u00e4llen\">1&nbsp;ggr<\/span>.\n                                    <span title=\"Tis 10\/2 ( 53 dagar sedan)\">Start 10\/2<\/span>.\n                                    Pingstkyrkan.\n                                <\/div>\n                            <\/td>\n                            <td class=\"onMediumScreenPlus start\" title=\"Tis 10\/2 ( 53 dagar sedan)\">10\/2<\/td>\n                            <td class=\"onMediumScreenPlus time\"><span style=\"white-space: nowrap;\">Tis 14.00-15.00<\/span><\/td>\n                            <td class=\"onMediumScreenPlus numberOfOccasions\" title=\"Antal tillf\u00e4llen\">1&nbsp;ggr<\/td>\n                            <td class=\"onMediumScreenPlus place\">Pingstkyrkan<\/td>\n                            <td class=\"onMediumScreenPlus status cwNoPrint\" style=\"text-align: right;\"><a href=\"https:\/\/minaaktiviteter.se\/lusu\/shop\/?event=267415&amp;info=1\" title=\"Bokningen har inte \u00f6ppnat\" onclick=\"cwOpenNewShopWin('https:\/\/minaaktiviteter.se\/lusu\/shop\/?event=267415&info=1'); return false;\" class=\"regLink cwLinkSmallIconRight regLink cwLinkSmallIconRight\">Info<\/a><\/td>\n                            <td class=\"statusIcon icon onSmallScreenOnly cwNoPrint\"><a href=\"https:\/\/minaaktiviteter.se\/lusu\/shop\/?event=267415&amp;info=1\" title=\"Bokningen har inte \u00f6ppnat\" onclick=\"cwOpenNewShopWin('https:\/\/minaaktiviteter.se\/lusu\/shop\/?event=267415&info=1'); return false;\" class=\"regIcon\"><span class=\"regIconText\">\u00bb<\/span><\/a><\/td>\n                        <\/tr>\n                        <tr class=\"dataRow blockData_6407343 row_4 cwDisplayDependencyOnChangeFollow_eventBlock_6407343\" title=\"Bokningen har inte \u00f6ppnat\" onclick=\"cwOpenNewShopWin('https:\/\/minaaktiviteter.se\/lusu\/shop\/?event=267417&info=1'); return false;\">\n                            <td class=\"title\">\n                                <a href=\"https:\/\/minaaktiviteter.se\/lusu\/shop\/?event=267417&amp;info=1\" title=\"Bokningen har inte \u00f6ppnat\" onclick=\"cwOpenNewShopWin('https:\/\/minaaktiviteter.se\/lusu\/shop\/?event=267417&info=1'); return false;\" class=\"regLink\">Christer J\u00f6nsson: Historiens l\u00e4rdomar -- exemplet M\u00fcnchen 1938<\/a>\n                                <div class=\"onSmallScreenOnly smallScreenEventSubTitle\">\n                                    <span style=\"white-space: nowrap;\">Tis 14.00-15.00<\/span>\n                                    <span title=\"Antal tillf\u00e4llen\">1&nbsp;ggr<\/span>.\n                                    <span title=\"Tis 24\/2 ( 39 dagar sedan)\">Start 24\/2<\/span>.\n                                    Pingstkyrkan.\n                                <\/div>\n                            <\/td>\n                            <td class=\"onMediumScreenPlus start\" title=\"Tis 24\/2 ( 39 dagar sedan)\">24\/2<\/td>\n                            <td class=\"onMediumScreenPlus time\"><span style=\"white-space: nowrap;\">Tis 14.00-15.00<\/span><\/td>\n                            <td class=\"onMediumScreenPlus numberOfOccasions\" title=\"Antal tillf\u00e4llen\">1&nbsp;ggr<\/td>\n                            <td class=\"onMediumScreenPlus place\">Pingstkyrkan<\/td>\n                            <td class=\"onMediumScreenPlus status cwNoPrint\" style=\"text-align: right;\"><a href=\"https:\/\/minaaktiviteter.se\/lusu\/shop\/?event=267417&amp;info=1\" title=\"Bokningen har inte \u00f6ppnat\" onclick=\"cwOpenNewShopWin('https:\/\/minaaktiviteter.se\/lusu\/shop\/?event=267417&info=1'); return false;\" class=\"regLink cwLinkSmallIconRight regLink cwLinkSmallIconRight\">Info<\/a><\/td>\n                            <td class=\"statusIcon icon onSmallScreenOnly cwNoPrint\"><a href=\"https:\/\/minaaktiviteter.se\/lusu\/shop\/?event=267417&amp;info=1\" title=\"Bokningen har inte \u00f6ppnat\" onclick=\"cwOpenNewShopWin('https:\/\/minaaktiviteter.se\/lusu\/shop\/?event=267417&info=1'); return false;\" class=\"regIcon\"><span class=\"regIconText\">\u00bb<\/span><\/a><\/td>\n                        <\/tr>\n                        <tr class=\"dataRow blockData_6407343 row_5 cwDisplayDependencyOnChangeFollow_eventBlock_6407343\" title=\"Bokningen har inte \u00f6ppnat\" onclick=\"cwOpenNewShopWin('https:\/\/minaaktiviteter.se\/lusu\/shop\/?event=267419&info=1'); return false;\">\n                            <td class=\"title\">\n                                <a href=\"https:\/\/minaaktiviteter.se\/lusu\/shop\/?event=267419&amp;info=1\" title=\"Bokningen har inte \u00f6ppnat\" onclick=\"cwOpenNewShopWin('https:\/\/minaaktiviteter.se\/lusu\/shop\/?event=267419&info=1'); return false;\" class=\"regLink\">Roland Persson: Gustaf Hellstr\u00f6ms viktiga m\u00f6te med Lund<\/a>\n                                <div class=\"onSmallScreenOnly smallScreenEventSubTitle\">\n                                    <span style=\"white-space: nowrap;\">Tis 14.00-15.00<\/span>\n                                    <span title=\"Antal tillf\u00e4llen\">1&nbsp;ggr<\/span>.\n                                    <span title=\"Tis 10\/3 ( 25 dagar sedan)\">Start 10\/3<\/span>.\n                                    Pingstkyrkan.\n                                <\/div>\n                            <\/td>\n                            <td class=\"onMediumScreenPlus start\" title=\"Tis 10\/3 ( 25 dagar sedan)\">10\/3<\/td>\n                            <td class=\"onMediumScreenPlus time\"><span style=\"white-space: nowrap;\">Tis 14.00-15.00<\/span><\/td>\n                            <td class=\"onMediumScreenPlus numberOfOccasions\" title=\"Antal tillf\u00e4llen\">1&nbsp;ggr<\/td>\n                            <td class=\"onMediumScreenPlus place\">Pingstkyrkan<\/td>\n                            <td class=\"onMediumScreenPlus status cwNoPrint\" style=\"text-align: right;\"><a href=\"https:\/\/minaaktiviteter.se\/lusu\/shop\/?event=267419&amp;info=1\" title=\"Bokningen har inte \u00f6ppnat\" onclick=\"cwOpenNewShopWin('https:\/\/minaaktiviteter.se\/lusu\/shop\/?event=267419&info=1'); return false;\" class=\"regLink cwLinkSmallIconRight regLink cwLinkSmallIconRight\">Info<\/a><\/td>\n                            <td class=\"statusIcon icon onSmallScreenOnly cwNoPrint\"><a href=\"https:\/\/minaaktiviteter.se\/lusu\/shop\/?event=267419&amp;info=1\" title=\"Bokningen har inte \u00f6ppnat\" onclick=\"cwOpenNewShopWin('https:\/\/minaaktiviteter.se\/lusu\/shop\/?event=267419&info=1'); return false;\" class=\"regIcon\"><span class=\"regIconText\">\u00bb<\/span><\/a><\/td>\n                        <\/tr>\n                        <tr class=\"dataRow blockData_6407343 row_6 cwDisplayDependencyOnChangeFollow_eventBlock_6407343\" title=\"Bokningen har inte \u00f6ppnat\" onclick=\"cwOpenNewShopWin('https:\/\/minaaktiviteter.se\/lusu\/shop\/?event=267420&info=1'); return false;\">\n                            <td class=\"title\">\n                                <a href=\"https:\/\/minaaktiviteter.se\/lusu\/shop\/?event=267420&amp;info=1\" title=\"Bokningen har inte \u00f6ppnat\" onclick=\"cwOpenNewShopWin('https:\/\/minaaktiviteter.se\/lusu\/shop\/?event=267420&info=1'); return false;\" class=\"regLink\">Marianne Gullberg: Att ge spr\u00e5kinl\u00e4rning ett handtag -- om spr\u00e5kinl\u00e4rning och gester<\/a>\n                                <div class=\"onSmallScreenOnly smallScreenEventSubTitle\">\n                                    <span style=\"white-space: nowrap;\">Tis 14.00-15.00<\/span>\n                                    <span title=\"Antal tillf\u00e4llen\">1&nbsp;ggr<\/span>.\n                                    <span title=\"Tis 24\/3 ( 11 dagar sedan)\">Start 24\/3<\/span>.\n                                    Pingstkyrkan.\n                                <\/div>\n                            <\/td>\n                            <td class=\"onMediumScreenPlus start\" title=\"Tis 24\/3 ( 11 dagar sedan)\">24\/3<\/td>\n                            <td class=\"onMediumScreenPlus time\"><span style=\"white-space: nowrap;\">Tis 14.00-15.00<\/span><\/td>\n                            <td class=\"onMediumScreenPlus numberOfOccasions\" title=\"Antal tillf\u00e4llen\">1&nbsp;ggr<\/td>\n                            <td class=\"onMediumScreenPlus place\">Pingstkyrkan<\/td>\n                            <td class=\"onMediumScreenPlus status cwNoPrint\" style=\"text-align: right;\"><a href=\"https:\/\/minaaktiviteter.se\/lusu\/shop\/?event=267420&amp;info=1\" title=\"Bokningen har inte \u00f6ppnat\" onclick=\"cwOpenNewShopWin('https:\/\/minaaktiviteter.se\/lusu\/shop\/?event=267420&info=1'); return false;\" class=\"regLink cwLinkSmallIconRight regLink cwLinkSmallIconRight\">Info<\/a><\/td>\n                            <td class=\"statusIcon icon onSmallScreenOnly cwNoPrint\"><a href=\"https:\/\/minaaktiviteter.se\/lusu\/shop\/?event=267420&amp;info=1\" title=\"Bokningen har inte \u00f6ppnat\" onclick=\"cwOpenNewShopWin('https:\/\/minaaktiviteter.se\/lusu\/shop\/?event=267420&info=1'); return false;\" class=\"regIcon\"><span class=\"regIconText\">\u00bb<\/span><\/a><\/td>\n                        <\/tr>\n                        <tr class=\"dataRow blockData_6407343 row_7 cwDisplayDependencyOnChangeFollow_eventBlock_6407343\" title=\"Bokningen har inte \u00f6ppnat\" onclick=\"cwOpenNewShopWin('https:\/\/minaaktiviteter.se\/lusu\/shop\/?event=267421&info=1'); return false;\">\n                            <td class=\"title\">\n                                <a href=\"https:\/\/minaaktiviteter.se\/lusu\/shop\/?event=267421&amp;info=1\" title=\"Bokningen har inte \u00f6ppnat\" onclick=\"cwOpenNewShopWin('https:\/\/minaaktiviteter.se\/lusu\/shop\/?event=267421&info=1'); return false;\" class=\"regLink\">Bo \u00c5kerstr\u00f6m: Femtio \u00e5r med Torsson<\/a>\n                                <div class=\"onSmallScreenOnly smallScreenEventSubTitle\">\n                                    <span style=\"white-space: nowrap;\">Tis 14.00-15.00<\/span>\n                                    <span title=\"Antal tillf\u00e4llen\">1&nbsp;ggr<\/span>.\n                                    <span title=\"Tis 7\/4 ( i \u00f6vermorgon)\">Start 7\/4<\/span>.\n                                    Pingstkyrkan.\n                                <\/div>\n                            <\/td>\n                            <td class=\"onMediumScreenPlus start\" title=\"Tis 7\/4 ( i \u00f6vermorgon)\">7\/4<\/td>\n                            <td class=\"onMediumScreenPlus time\"><span style=\"white-space: nowrap;\">Tis 14.00-15.00<\/span><\/td>\n                            <td class=\"onMediumScreenPlus numberOfOccasions\" title=\"Antal tillf\u00e4llen\">1&nbsp;ggr<\/td>\n                            <td class=\"onMediumScreenPlus place\">Pingstkyrkan<\/td>\n                            <td class=\"onMediumScreenPlus status cwNoPrint\" style=\"text-align: right;\"><a href=\"https:\/\/minaaktiviteter.se\/lusu\/shop\/?event=267421&amp;info=1\" title=\"Bokningen har inte \u00f6ppnat\" onclick=\"cwOpenNewShopWin('https:\/\/minaaktiviteter.se\/lusu\/shop\/?event=267421&info=1'); return false;\" class=\"regLink cwLinkSmallIconRight regLink cwLinkSmallIconRight\">Info<\/a><\/td>\n                            <td class=\"statusIcon icon onSmallScreenOnly cwNoPrint\"><a href=\"https:\/\/minaaktiviteter.se\/lusu\/shop\/?event=267421&amp;info=1\" title=\"Bokningen har inte \u00f6ppnat\" onclick=\"cwOpenNewShopWin('https:\/\/minaaktiviteter.se\/lusu\/shop\/?event=267421&info=1'); return false;\" class=\"regIcon\"><span class=\"regIconText\">\u00bb<\/span><\/a><\/td>\n                        <\/tr>\n                        <tr class=\"spacingRow cwDisplayDependencyOnChangeFollow_eventBlock_6407343\">            <td class=\"title\"><\/td>\n                            <td class=\"onMediumScreenPlus start\"><\/td>\n                            <td class=\"onMediumScreenPlus time\"><\/td>\n                            <td class=\"onMediumScreenPlus numberOfOccasions\"><\/td>\n                            <td class=\"onMediumScreenPlus place\"><\/td>\n                            <td class=\"onMediumScreenPlus status cwNoPrint\"><\/td>\n                            <td class=\"statusIcon icon onSmallScreenOnly cwNoPrint\"><\/td>\n                        <\/tr>\n                    <\/table>\n<script type=\"text\/javascript\" src=\"https:\/\/minaaktiviteter.se\/files\/1366\/js\/lib.js\"><\/script><\/div>\n\n\n\n<p><\/p>\n","protected":false},"excerpt":{"rendered":"<p>Allm\u00e4n f\u00f6rel\u00e4sningsserie Vi ger f\u00f6rel\u00e4sningar inom alla \u00e4mnesomr\u00e5den \u2013 torra som v\u00e5ta och klassiska som nyetablerade. Ibland finns inslag av [&hellip;]<\/p>\n","protected":false},"author":1,"featured_media":0,"parent":0,"menu_order":0,"comment_status":"closed","ping_status":"closed","template":"","meta":{"site-sidebar-layout":"default","site-content-layout":"","ast-site-content-layout":"","site-content-style":"default","site-sidebar-style":"default","ast-global-header-display":"","ast-banner-title-visibility":"","ast-main-header-display":"","ast-hfb-above-header-display":"","ast-hfb-below-header-display":"","ast-hfb-mobile-header-display":"","site-post-title":"disabled","ast-breadcrumbs-content":"","ast-featured-img":"","footer-sml-layout":"","theme-transparent-header-meta":"","adv-header-id-meta":"","stick-header-meta":"","header-above-stick-meta":"","header-main-stick-meta":"","header-below-stick-meta":"","astra-migrate-meta-layouts":"default","ast-page-background-enabled":"default","ast-page-background-meta":{"desktop":{"background-color":"var(--ast-global-color-4)","background-image":"","background-repeat":"repeat","background-position":"center center","background-size":"auto","background-attachment":"scroll","background-type":"","background-media":"","overlay-type":"","overlay-color":"","overlay-opacity":"","overlay-gradient":""},"tablet":{"background-color":"","background-image":"","background-repeat":"repeat","background-position":"center center","background-size":"auto","background-attachment":"scroll","background-type":"","background-media":"","overlay-type":"","overlay-color":"","overlay-opacity":"","overlay-gradient":""},"mobile":{"background-color":"","background-image":"","background-repeat":"repeat","background-position":"center center","background-size":"auto","background-attachment":"scroll","background-type":"","background-media":"","overlay-type":"","overlay-color":"","overlay-opacity":"","overlay-gradient":""}},"ast-content-background-meta":{"desktop":{"background-color":"var(--ast-global-color-5)","background-image":"","background-repeat":"repeat","background-position":"center center","background-size":"auto","background-attachment":"scroll","background-type":"","background-media":"","overlay-type":"","overlay-color":"","overlay-opacity":"","overlay-gradient":""},"tablet":{"background-color":"var(--ast-global-color-5)","background-image":"","background-repeat":"repeat","background-position":"center center","background-size":"auto","background-attachment":"scroll","background-type":"","background-media":"","overlay-type":"","overlay-color":"","overlay-opacity":"","overlay-gradient":""},"mobile":{"background-color":"var(--ast-global-color-5)","background-image":"","background-repeat":"repeat","background-position":"center center","background-size":"auto","background-attachment":"scroll","background-type":"","background-media":"","overlay-type":"","overlay-color":"","overlay-opacity":"","overlay-gradient":""}},"footnotes":""},"class_list":["post-25","page","type-page","status-publish","hentry"],"_links":{"self":[{"href":"https:\/\/lusu.se\/index.php\/wp-json\/wp\/v2\/pages\/25","targetHints":{"allow":["GET"]}}],"collection":[{"href":"https:\/\/lusu.se\/index.php\/wp-json\/wp\/v2\/pages"}],"about":[{"href":"https:\/\/lusu.se\/index.php\/wp-json\/wp\/v2\/types\/page"}],"author":[{"embeddable":true,"href":"https:\/\/lusu.se\/index.php\/wp-json\/wp\/v2\/users\/1"}],"replies":[{"embeddable":true,"href":"https:\/\/lusu.se\/index.php\/wp-json\/wp\/v2\/comments?post=25"}],"version-history":[{"count":22,"href":"https:\/\/lusu.se\/index.php\/wp-json\/wp\/v2\/pages\/25\/revisions"}],"predecessor-version":[{"id":600,"href":"https:\/\/lusu.se\/index.php\/wp-json\/wp\/v2\/pages\/25\/revisions\/600"}],"wp:attachment":[{"href":"https:\/\/lusu.se\/index.php\/wp-json\/wp\/v2\/media?parent=25"}],"curies":[{"name":"wp","href":"https:\/\/api.w.org\/{rel}","templated":true}]}}